{"id":107,"date":"2023-03-07T17:25:17","date_gmt":"2023-03-07T16:25:17","guid":{"rendered":"https:\/\/zug-webshop.fishven.com\/?page_id=107"},"modified":"2024-10-21T04:13:14","modified_gmt":"2024-10-21T02:13:14","slug":"allgemeine-geschaeftsbedingungen","status":"publish","type":"page","link":"https:\/\/zug-webshop.fishven.com\/en\/allgemeine-geschaeftsbedingungen\/","title":{"rendered":"Allgemeine Gesch\u00e4ftsbedingungen (AGB)"},"content":{"rendered":"<p>f\u00fcr den Bezug von Produkten aus dem online-Shop des Amts f\u00fcr Wald und Wild des Kantons Zug(AFW).<\/p><h3 class=\"wp-block-heading\">Anwendungsbereich und Geltung<\/h3><p>Nachfolgende Bestimmungen gelten f\u00fcr den Bezug von Fischereipatenten, Jagdpatenten und Gastkarten f\u00fcr die Jagd \u00fcber die online-Shops des AFW. Die Onlineshops sind unter folgenden URLs erreichbar.<\/p><p>Webshop Fischerpatente: https:\/\/zug-webshop.fishven.com<br>Webshop Jagdpatente: https:\/\/iform.zg.ch<\/p><p>Mit dem Bezug eines Produktes \u00fcber die oben genannten online-Shops akzeptiert die Kundin\/der Kunde diese Bestimmungen. Das AFW beh\u00e4lt sich das Recht vor, die AGB zu \u00e4ndern. Massgebend ist jeweils die zum Zeitpunkt der Bestellung geltende Auflage der AGB, welche f\u00fcr diese Bestellung nicht einseitig ge\u00e4ndert werden kann.<\/p><h3 class=\"wp-block-heading\">Bedingungen<\/h3><p>Die Voraussetzungen zum Bezug von Produkten aus den online-Shops ergeben sich aus den anwendbaren gesetzlichen Bestimmungen. Bei Falschangaben oder Missbrauch kann das AFW erteilte Fischereipatente, Jagdpatente oder Gastkarten entziehen und eine Bewerberin\/einen Bewerber vom Bezug weiterer Patente oder Gastkarten  ausschliessen und\/oder eine Strafverfolgung einleiten.<\/p><h3 class=\"wp-block-heading\">Zustellung und Gefahrentragung<\/h3><p>Produkte, die sich weder direkt \u00fcber die einzelnen Internetseiten herunterladen und drucken lassen, noch elektronisch zugestellt werden k\u00f6nnen, werden der Kundin\/dem Kunde per Post zugestellt. Das Herunterladen, das Drucken, die elektronische \u00dcbermittlung sowie die Zustellung erfolgen auf Gefahr der Kundin\/des Kunden.<\/p><h3 class=\"wp-block-heading\">Preisangaben<\/h3><p>Die jeweils g\u00fcltigen Preise oder Geb\u00fchren pro Produkt und Dienstleistung sind im jeweiligen Bestelldialogfenster ersichtlich. Die Preise verstehen sich in Schweizer Franken und inklusive der gesetzlichen Umsatz- bzw. Mehrwertsteuer. Die Korrektur von Irrt\u00fcmern und Preis\u00e4nderungen bleibt vorbehalten. Das AFW oder der Kanton Zug \u00fcbernimmt keine Haftung f\u00fcr die Richtigkeit, Vollst\u00e4ndigkeit und Aktualit\u00e4t der auf den Internetseiten publizierten Informationen, Preise und dergleichen.<\/p><h3 class=\"wp-block-heading\">Zahlungsarten<\/h3><p>F\u00fcr Bez\u00fcge aus dem online-Shop werden folgende Zahlungsmittel akzeptiert und die Zahlungssicherheit ist garantiert: MasterCard, Debit MasterCard, Visa, Visa Debit, Diners Club\/Discovery und Twint<\/p><p>Eine Bestellung auf Rechnung ist nicht m\u00f6glich.<\/p><h3 class=\"wp-block-heading\">Umtausch und R\u00fcckerstattungen<\/h3><p>Sobald die Bestellung mit einer E-Mail best\u00e4tigt wird, ist sie verbindlich. Umtausch, R\u00fcckerstattungen oder \u00c4nderungen sind ausgeschlossen. Nicht genutzte Patente und Gastkarten werden weder zur\u00fcckerstattet noch umgetauscht.<\/p><h3 class=\"wp-block-heading\">Haftung<\/h3><p>Der Bezug eines Fischereipatentes, Jagdpatentes oder Gastkarte f\u00e4llt unter \u00f6ffentliches Recht. Die Haftung des AFW richtet sich nach dem Gesetz \u00fcber die Verantwortlichkeit der Gemeinwesen, Beh\u00f6rdenmitglieder und Beamten vom 1. Februar 1979 (Verantwortlichkeitsgesetz; BGS 154.11).<\/p><h3 class=\"wp-block-heading\">Haftungsausschluss<\/h3><p>Das AFW haftet nicht f\u00fcr durch \u00dcbermittlungsfehler, technische M\u00e4ngel oder durch rechtswidrige Eingriffe verursachte Sch\u00e4den, ungeachtet des Ortes und der Art der Beeintr\u00e4chtigung. Ausgeschlossen ist weiter eine Haftung f\u00fcr Sch\u00e4den infolge von St\u00f6rungen, Unterbr\u00fcchen (inkl. systembedingte Wartungsarbeiten) oder \u00dcberlastung von EDV-Systemen und f\u00fcr direkte oder indirekte Sch\u00e4den (Folgesch\u00e4den), die sich im Zusammenhang mit dem Abruf der Leistungen oder Abfragen ergeben.<\/p><p>Der Haftungsausschluss gilt auch f\u00fcr Sch\u00e4den, die durch Verkn\u00fcpfungen (Links) mit anderen Webseiten entstehen. Das AFW weist insbesondere darauf hin, dass beim Anklicken von Verkn\u00fcpfungen (Links) gegebenenfalls die Website des AFW verlassen wird und dass die verkn\u00fcpften Internetseiten weder gepr\u00fcft sind noch eine Verantwortung f\u00fcr deren Inhalte, Produkte, Dienstleistungen oder andere Angebote \u00fcbernommen wird. Beanstandungen und M\u00e4ngel der gelieferten Produkte sind innert f\u00fcnf Tagen nach dem Herunterladen bzw. nach der Zustellung telefonisch (+41 41 728 35 22) oder per E -Mail (info.afw@zg.ch) zu melden. F\u00fcr die Behebung von M\u00e4ngeln, die durch Fehler beim Bestellen verursacht wurden, kann eine Bearbeitungsgeb\u00fchr erhoben werden. Beanstandungen betreffend die Verf\u00fcgbarkeit und Funktionst\u00fcchtigkeit der Internetseiten des AFW sind an folgende Stelle zu richten: Amt f\u00fcr Wald und Wild, \u00c4geristrasse 56, 6301 Zug, +41 41 594 35 35, info.afw@zg.ch<\/p><h3 class=\"wp-block-heading\">Datenschutz<\/h3><p>Kundinnen und Kunden erkl\u00e4ren sich durch die Ausl\u00f6sung der elektronischen Bestellung oder dem Herunterladen von Produkten mit der nachfolgend beschriebenen Bearbeitung ihrer Daten einverstanden: Bei der elektronischen Bestellung oder dem Herunterladen von Produkten oder Dienstleistungen werden nur zwingend n\u00f6tige Daten erhoben. Diese werden ausschliesslich den mit der Pr\u00fcfung und der Abwicklung des Auftrages betrauten Stellen unter Einhaltung der einschl\u00e4gigen Datenschutzgesetzgebung und unter Beachtung der gebotenen Sorgfalt und \u2013 soweit notwendig \u2013 den vom AFW beauftragten Firmen (Support, Wartung) zur Verf\u00fcgung gestellt. Die Daten werden nur im erforderlichen Umfang gespeichert. Aus Gr\u00fcnden des Kundendienstes sowie zur Steigerung des Kundennutzens des Internetangebotes des AFW kann auf einzelnen Internetseiten um freiwillige Angabe von Daten gebeten werden. Auch diese Daten werden mit aller Sorgfalt und unter Einhaltung der einschl\u00e4gigen Datenschutzgesetzgebung behandelt und nur gem\u00e4ss den vorstehenden Ausf\u00fchrungen an Dritte weitergegeben. Der gesamte Prozess in den online-Shops ist durch eine HTTPS-Verbindung gesichert. Die Transaktion zu den Kreditkartengesellschaften ist PCI-DSS zertifiziert. Die massgeblichen Transaktionsdaten werden so lange gespeichert, wie dies f\u00fcr die vollst\u00e4ndige Abwicklung der Transaktion und die Einhaltung der gesetzlichen und buchhalterischen Vorschriften erforderlich ist. Der Kunde kann seine gespeicherten Daten selber einsehen und gegebenenfalls aktualisieren. Weitere Hinweise finden Sie auf der Internetseite Fachstelle f\u00fcr Datenschutz Kanton Zug.<\/p><h3 class=\"wp-block-heading\">Anwendbares Recht und Gerichtsstand<\/h3><p>Vorbeh\u00e4ltlich anderslautender zwingender Gesetzesbestimmungen unterstehen die allgemeinen Gesch\u00e4ftsbedingungen und das daraus resultierende Rechtsverh\u00e4ltnis mit den Kundinnen und Kunden ausschliesslich schweizerischem Recht. Gerichtsstand ist Zug. Zwingende anderslautende Gerichtsstandsvorschriften bleiben ausdr\u00fccklich vorbehalten<\/p>","protected":false},"excerpt":{"rendered":"<p>f\u00fcr den Bezug von Produkten aus dem online-Shop des Amts f\u00fcr Wald und Wild des Kantons Zug(AFW). Anwendungsbereich und Geltung Nachfolgende Bestimmungen gelten f\u00fcr den Bezug von Fischereipatenten, Jagdpatenten und Gastkarten f\u00fcr die Jagd \u00fcber die online-Shops des AFW. Die Onlineshops sind unter folgenden URLs erreichbar. Webshop Fischerpatente: https:\/\/zug-webshop.fishven.comWebshop Jagdpatente: https:\/\/iform.zg.ch Mit dem Bezug eines [&hellip;]<\/p>\n","protected":false},"author":1,"featured_media":0,"parent":0,"menu_order":0,"comment_status":"closed","ping_status":"closed","template":"","meta":{"footnotes":""},"class_list":["post-107","page","type-page","status-publish","hentry"],"jetpack_sharing_enabled":true,"_links":{"self":[{"href":"https:\/\/zug-webshop.fishven.com\/en\/wp-json\/wp\/v2\/pages\/107"}],"collection":[{"href":"https:\/\/zug-webshop.fishven.com\/en\/wp-json\/wp\/v2\/pages"}],"about":[{"href":"https:\/\/zug-webshop.fishven.com\/en\/wp-json\/wp\/v2\/types\/page"}],"author":[{"embeddable":true,"href":"https:\/\/zug-webshop.fishven.com\/en\/wp-json\/wp\/v2\/users\/1"}],"replies":[{"embeddable":true,"href":"https:\/\/zug-webshop.fishven.com\/en\/wp-json\/wp\/v2\/comments?post=107"}],"version-history":[{"count":10,"href":"https:\/\/zug-webshop.fishven.com\/en\/wp-json\/wp\/v2\/pages\/107\/revisions"}],"predecessor-version":[{"id":2876,"href":"https:\/\/zug-webshop.fishven.com\/en\/wp-json\/wp\/v2\/pages\/107\/revisions\/2876"}],"wp:attachment":[{"href":"https:\/\/zug-webshop.fishven.com\/en\/wp-json\/wp\/v2\/media?parent=107"}],"curies":[{"name":"wp","href":"https:\/\/api.w.org\/{rel}","templated":true}]}}