{"id":109,"date":"2023-03-07T17:25:40","date_gmt":"2023-03-07T16:25:40","guid":{"rendered":"https:\/\/zug-webshop.fishven.com\/?page_id=109"},"modified":"2023-12-22T10:31:45","modified_gmt":"2023-12-22T09:31:45","slug":"impressum","status":"publish","type":"page","link":"https:\/\/zug-webshop.fishven.com\/en\/impressum\/","title":{"rendered":"Imprint"},"content":{"rendered":"<h3 class=\"wp-block-heading\">Publisher<\/h3><p>Amt f\u00fcr Wald und Wild<br>\u00c4geristrasse 56<br>6301 Zug<br>Telefon: +41 41 594 35 35<br>E-Mail: info.afw@zg.ch<\/p><h3 class=\"wp-block-heading\">Operator<\/h3><p>The following company is responsible for the operation and maintenance of the webshop:<br>Nobozo Lab GmbH<br>G\u00f6nhardweg 32<br>5034 Suhr<br>Phone: +41 (0) 44 500 78 01<br>eMail: contact@nobozolab.com<\/p><h3 class=\"wp-block-heading\">Copyright<\/h3><p>The further use of images and text of any kind requires the written consent of the AFW and is only permitted with mention of the copyright information.<\/p><h3 class=\"wp-block-heading\">Auflage<\/h3><p>1st edition, July 2023<\/p>","protected":false},"excerpt":{"rendered":"<p>Herausgeber Amt f\u00fcr Wald und Wild\u00c4geristrasse 566301 ZugTelefon: +41 41 594 35 35E-Mail: info.afw@zg.ch Betreiber F\u00fcr den Betrieb und Wartung des Webshops ist folgende Firma zust\u00e4ndig:Nobozo Lab GmbHG\u00f6nhardweg 325034 SuhrTelefon: +41 (0) 44 500 78 01E-Mail: contact@nobozolab.com Copyright Die Weiterverwendung von Bild und Text jeglicher Art bedarf des schriftlichen Einverst\u00e4ndnisses des AFW und ist nur [&hellip;]<\/p>\n","protected":false},"author":1,"featured_media":0,"parent":0,"menu_order":0,"comment_status":"closed","ping_status":"closed","template":"","meta":{"footnotes":""},"class_list":["post-109","page","type-page","status-publish","hentry"],"jetpack_sharing_enabled":true,"_links":{"self":[{"href":"https:\/\/zug-webshop.fishven.com\/en\/wp-json\/wp\/v2\/pages\/109"}],"collection":[{"href":"https:\/\/zug-webshop.fishven.com\/en\/wp-json\/wp\/v2\/pages"}],"about":[{"href":"https:\/\/zug-webshop.fishven.com\/en\/wp-json\/wp\/v2\/types\/page"}],"author":[{"embeddable":true,"href":"https:\/\/zug-webshop.fishven.com\/en\/wp-json\/wp\/v2\/users\/1"}],"replies":[{"embeddable":true,"href":"https:\/\/zug-webshop.fishven.com\/en\/wp-json\/wp\/v2\/comments?post=109"}],"version-history":[{"count":7,"href":"https:\/\/zug-webshop.fishven.com\/en\/wp-json\/wp\/v2\/pages\/109\/revisions"}],"predecessor-version":[{"id":1290,"href":"https:\/\/zug-webshop.fishven.com\/en\/wp-json\/wp\/v2\/pages\/109\/revisions\/1290"}],"wp:attachment":[{"href":"https:\/\/zug-webshop.fishven.com\/en\/wp-json\/wp\/v2\/media?parent=109"}],"curies":[{"name":"wp","href":"https:\/\/api.w.org\/{rel}","templated":true}]}}