{"id":21,"date":"2023-03-07T15:09:12","date_gmt":"2023-03-07T14:09:12","guid":{"rendered":"https:\/\/zug-webshop.fishven.com\/?post_type=product&#038;p=21"},"modified":"2026-04-02T01:04:55","modified_gmt":"2026-04-01T23:04:55","slug":"zugersee-uferpatent-jahr-extern","status":"publish","type":"product","link":"https:\/\/zug-webshop.fishven.com\/en\/product\/zugersee-uferpatent-jahr-extern\/","title":{"rendered":"Lake Zug shore license year"},"content":{"rendered":"<p>Annual license year<br \/>\nFor fishers <strong>without residence in Canton Zug.<\/strong><\/p>\n<p>Valid for 1 fishing year (1.11 to 31.10).<\/p>\n<p>Allows fishing in the part of Lake Zug lying in the Canton of Zug only.<\/p>\n<p>Fishing allowed only from the shore.<\/p>\n<p>SANA card obligatory.<\/p>\n<p>Achtung:<\/p>\n<ul>\n<li>Wenn ein Jahrespatent\u00a0 vor dem 1. Oktober gekauft wird, gilt es f\u00fcr das laufende Fischereijahr.<\/li>\n<li>Wenn das Jahrespatent nach dem 1. Oktober gekauft wird, gilt es f\u00fcr das kommende Fischereijahr.<\/li>\n<\/ul>\n<p>Das Fischereijahr beginnt am 1. November. Somit ist der Zeitraum des Jahrespatents abh\u00e4ngig davon, ob der Kauf vor oder nach dem 1. Oktober erfolgt.<\/p>\n<p>Beispiel:<\/p>\n<ul>\n<li>Kauf am 30. September 2024: Das Patent gilt f\u00fcr das Fischereijahr 2023\/2024.<\/li>\n<li>Kauf am 2. Oktober 2024: Das Patent gilt f\u00fcr das Fischereijahr 2024\/2025 (Beginn am 1. November 2024).<\/li>\n<\/ul>","protected":false},"excerpt":{"rendered":"<p>Jahrespatent Ufer F\u00fcr FischerInnen ohne Wohnsitz im Kanton Zug. F\u00fcr 1 Fischereijahr g\u00fcltig (1.11 bis 31.10). Erlaubt das Fischen im zugerischen Teil des Zugersees. Fischen erlaubt nur vom Ufer aus. SANA-Ausweis obligatorisch. Achtung: Wenn ein Jahrespatent\u00a0 vor dem 1. Oktober gekauft wird, gilt es f\u00fcr das laufende Fischereijahr. Wenn das Jahrespatent nach dem 1. Oktober [&hellip;]<\/p>\n","protected":false},"featured_media":434,"template":"","meta":[],"product_brand":[],"product_cat":[19],"product_tag":[34],"class_list":{"0":"post-21","1":"product","2":"type-product","3":"status-publish","4":"has-post-thumbnail","6":"product_cat-uferpatente","7":"product_tag-zugersee","9":"first","10":"instock","11":"sale","12":"virtual","13":"sold-individually","14":"purchasable","15":"product-type-simple"},"jetpack_sharing_enabled":true,"_links":{"self":[{"href":"https:\/\/zug-webshop.fishven.com\/en\/wp-json\/wp\/v2\/product\/21"}],"collection":[{"href":"https:\/\/zug-webshop.fishven.com\/en\/wp-json\/wp\/v2\/product"}],"about":[{"href":"https:\/\/zug-webshop.fishven.com\/en\/wp-json\/wp\/v2\/types\/product"}],"wp:featuredmedia":[{"embeddable":true,"href":"https:\/\/zug-webshop.fishven.com\/en\/wp-json\/wp\/v2\/media\/434"}],"wp:attachment":[{"href":"https:\/\/zug-webshop.fishven.com\/en\/wp-json\/wp\/v2\/media?parent=21"}],"wp:term":[{"taxonomy":"product_brand","embeddable":true,"href":"https:\/\/zug-webshop.fishven.com\/en\/wp-json\/wp\/v2\/product_brand?post=21"},{"taxonomy":"product_cat","embeddable":true,"href":"https:\/\/zug-webshop.fishven.com\/en\/wp-json\/wp\/v2\/product_cat?post=21"},{"taxonomy":"product_tag","embeddable":true,"href":"https:\/\/zug-webshop.fishven.com\/en\/wp-json\/wp\/v2\/product_tag?post=21"}],"curies":[{"name":"wp","href":"https:\/\/api.w.org\/{rel}","templated":true}]}}