{"id":24,"date":"2023-03-07T15:09:12","date_gmt":"2023-03-07T14:09:12","guid":{"rendered":"https:\/\/zug-webshop.fishven.com\/?post_type=product&#038;p=24"},"modified":"2026-04-07T09:00:57","modified_gmt":"2026-04-07T07:00:57","slug":"zugersee-uferpatent-monat","status":"publish","type":"product","link":"https:\/\/zug-webshop.fishven.com\/en\/product\/zugersee-uferpatent-monat\/","title":{"rendered":"Lake Zug shore license month"},"content":{"rendered":"<p>Monthly license shore<br \/>\nFor fishers <strong>with residence in Canton Zug<\/strong><\/p>\n<p>F\u00fcr 1 Kalendermonat (erster bis letzter Tag des Monats) g\u00fcltig.<\/p>\n<p>Allows fishing in the part of Lake Zug lying in the Canton of Zug only.<\/p>\n<p>Fishing allowed only from the shore.<\/p>\n<p>SANA card obligatory.<\/p>","protected":false},"excerpt":{"rendered":"<p>Monatspatent Ufer F\u00fcr FischerInnen mit Wohnsitz im Kanton Zug. F\u00fcr 1 Kalendermonat (erster bis letzter Tag des Monats) g\u00fcltig. Erlaubt das Fischen im zugerischen Teil des Zugersees. Fischen erlaubt nur vom Ufer aus. SANA-Ausweis obligatorisch.<\/p>","protected":false},"featured_media":441,"template":"","meta":[],"product_brand":[],"product_cat":[29],"product_tag":[17,34],"class_list":{"0":"post-24","1":"product","2":"type-product","3":"status-publish","4":"has-post-thumbnail","6":"product_cat-uferpatente-wohnsitz-im-kanton-zug-fischereipatente-zugersee","7":"product_tag-fischereipatente","8":"product_tag-zugersee","10":"first","11":"instock","12":"sale","13":"virtual","14":"sold-individually","15":"purchasable","16":"product-type-simple"},"jetpack_sharing_enabled":true,"_links":{"self":[{"href":"https:\/\/zug-webshop.fishven.com\/en\/wp-json\/wp\/v2\/product\/24"}],"collection":[{"href":"https:\/\/zug-webshop.fishven.com\/en\/wp-json\/wp\/v2\/product"}],"about":[{"href":"https:\/\/zug-webshop.fishven.com\/en\/wp-json\/wp\/v2\/types\/product"}],"wp:featuredmedia":[{"embeddable":true,"href":"https:\/\/zug-webshop.fishven.com\/en\/wp-json\/wp\/v2\/media\/441"}],"wp:attachment":[{"href":"https:\/\/zug-webshop.fishven.com\/en\/wp-json\/wp\/v2\/media?parent=24"}],"wp:term":[{"taxonomy":"product_brand","embeddable":true,"href":"https:\/\/zug-webshop.fishven.com\/en\/wp-json\/wp\/v2\/product_brand?post=24"},{"taxonomy":"product_cat","embeddable":true,"href":"https:\/\/zug-webshop.fishven.com\/en\/wp-json\/wp\/v2\/product_cat?post=24"},{"taxonomy":"product_tag","embeddable":true,"href":"https:\/\/zug-webshop.fishven.com\/en\/wp-json\/wp\/v2\/product_tag?post=24"}],"curies":[{"name":"wp","href":"https:\/\/api.w.org\/{rel}","templated":true}]}}