{"id":33,"date":"2023-03-07T15:09:14","date_gmt":"2023-03-07T14:09:14","guid":{"rendered":"https:\/\/zug-webshop.fishven.com\/?post_type=product&#038;p=33"},"modified":"2024-10-17T02:44:49","modified_gmt":"2024-10-17T00:44:49","slug":"zugersee-bootspatent-tages-extern","status":"publish","type":"product","link":"https:\/\/zug-webshop.fishven.com\/en\/product\/zugersee-bootspatent-tages-extern\/","title":{"rendered":"Lake Zug boat license day external"},"content":{"rendered":"<p>Day license<\/p>\n<p>Unabh\u00e4ngig vom Wohnsitz.<\/p>\n<p>Valid for one day.<\/p>\n<p>Allows fishing in the part of Lake Zug lying in the Canton of Zug only.<\/p>\n<p>Fischen erlaubt vom Boot <strong>und<\/strong> vom Ufer aus.<\/p>\n<p>SaNa is recommended<\/p>","protected":false},"excerpt":{"rendered":"<p>Tagespatent Unabh\u00e4ngig vom Wohnsitz. F\u00fcr 1 Tag g\u00fcltig. Erlaubt das Fischen im zugerischen Teil des Zugersees. Fischen erlaubt vom Boot und vom Ufer aus. SANA-Ausweis empfohlen.<\/p>","protected":false},"featured_media":442,"template":"","meta":[],"product_brand":[],"product_cat":[27,20,19],"product_tag":[17,34],"class_list":{"0":"post-33","1":"product","2":"type-product","3":"status-publish","4":"has-post-thumbnail","6":"product_cat-wohnsitz-im-kanton-zug-fischereipatente-zugersee","7":"product_cat-bootspatente","8":"product_cat-uferpatente","9":"product_tag-fischereipatente","10":"product_tag-zugersee","12":"first","13":"instock","14":"virtual","15":"sold-individually","16":"purchasable","17":"product-type-simple"},"jetpack_sharing_enabled":true,"_links":{"self":[{"href":"https:\/\/zug-webshop.fishven.com\/en\/wp-json\/wp\/v2\/product\/33"}],"collection":[{"href":"https:\/\/zug-webshop.fishven.com\/en\/wp-json\/wp\/v2\/product"}],"about":[{"href":"https:\/\/zug-webshop.fishven.com\/en\/wp-json\/wp\/v2\/types\/product"}],"wp:featuredmedia":[{"embeddable":true,"href":"https:\/\/zug-webshop.fishven.com\/en\/wp-json\/wp\/v2\/media\/442"}],"wp:attachment":[{"href":"https:\/\/zug-webshop.fishven.com\/en\/wp-json\/wp\/v2\/media?parent=33"}],"wp:term":[{"taxonomy":"product_brand","embeddable":true,"href":"https:\/\/zug-webshop.fishven.com\/en\/wp-json\/wp\/v2\/product_brand?post=33"},{"taxonomy":"product_cat","embeddable":true,"href":"https:\/\/zug-webshop.fishven.com\/en\/wp-json\/wp\/v2\/product_cat?post=33"},{"taxonomy":"product_tag","embeddable":true,"href":"https:\/\/zug-webshop.fishven.com\/en\/wp-json\/wp\/v2\/product_tag?post=33"}],"curies":[{"name":"wp","href":"https:\/\/api.w.org\/{rel}","templated":true}]}}