{"id":35,"date":"2023-03-07T15:09:14","date_gmt":"2023-03-07T14:09:14","guid":{"rendered":"https:\/\/zug-webshop.fishven.com\/?post_type=product&#038;p=35"},"modified":"2024-10-21T02:24:25","modified_gmt":"2024-10-21T00:24:25","slug":"aegerisee-jahrespatent","status":"publish","type":"product","link":"https:\/\/zug-webshop.fishven.com\/en\/product\/aegerisee-jahrespatent\/","title":{"rendered":"\u00c4gerisee Jahrespatent"},"content":{"rendered":"<p>Fischereijahr 01.11.-31-10.; Wohnsitz im Kanton ZG; SANA-Ausweis obligatorisch<\/p>\n<p>Achtung:<\/p>\n<ul>\n<li>Wenn ein Jahrespatent\u00a0 vor dem 1. Oktober gekauft wird, gilt es f\u00fcr das laufende Fischereijahr.<\/li>\n<li>Wenn das Jahrespatent nach dem 1. Oktober gekauft wird, gilt es f\u00fcr das kommende Fischereijahr.<\/li>\n<\/ul>\n<p>Das Fischereijahr beginnt am 1. November. Somit ist der Zeitraum des Jahrespatents abh\u00e4ngig davon, ob der Kauf vor oder nach dem 1. Oktober erfolgt.<\/p>\n<p>Beispiel:<\/p>\n<ul>\n<li>Kauf am 30. September 2024: Das Patent gilt f\u00fcr das Fischereijahr 2023\/2024.<\/li>\n<li>Kauf am 2. Oktober 2024: Das Patent gilt f\u00fcr das Fischereijahr 2024\/2025 (Beginn am 1. November 2024).<\/li>\n<\/ul>","protected":false},"excerpt":{"rendered":"<p>Fischereijahr 01.11.-31-10.; Wohnsitz im Kanton ZG; SANA-Ausweis obligatorisch Achtung: Wenn ein Jahrespatent\u00a0 vor dem 1. Oktober gekauft wird, gilt es f\u00fcr das laufende Fischereijahr. Wenn das Jahrespatent nach dem 1. Oktober gekauft wird, gilt es f\u00fcr das kommende Fischereijahr. Das Fischereijahr beginnt am 1. November. Somit ist der Zeitraum des Jahrespatents abh\u00e4ngig davon, ob der [&hellip;]<\/p>\n","protected":false},"featured_media":676,"template":"","meta":[],"product_brand":[],"product_cat":[23],"product_tag":[33,17],"class_list":{"0":"post-35","1":"product","2":"type-product","3":"status-publish","4":"has-post-thumbnail","6":"product_cat-wohnsitz-im-kanton-zug","7":"product_tag-aegerisee","8":"product_tag-fischereipatente","10":"first","11":"instock","12":"virtual","13":"sold-individually","14":"purchasable","15":"product-type-simple"},"jetpack_sharing_enabled":true,"_links":{"self":[{"href":"https:\/\/zug-webshop.fishven.com\/en\/wp-json\/wp\/v2\/product\/35"}],"collection":[{"href":"https:\/\/zug-webshop.fishven.com\/en\/wp-json\/wp\/v2\/product"}],"about":[{"href":"https:\/\/zug-webshop.fishven.com\/en\/wp-json\/wp\/v2\/types\/product"}],"wp:featuredmedia":[{"embeddable":true,"href":"https:\/\/zug-webshop.fishven.com\/en\/wp-json\/wp\/v2\/media\/676"}],"wp:attachment":[{"href":"https:\/\/zug-webshop.fishven.com\/en\/wp-json\/wp\/v2\/media?parent=35"}],"wp:term":[{"taxonomy":"product_brand","embeddable":true,"href":"https:\/\/zug-webshop.fishven.com\/en\/wp-json\/wp\/v2\/product_brand?post=35"},{"taxonomy":"product_cat","embeddable":true,"href":"https:\/\/zug-webshop.fishven.com\/en\/wp-json\/wp\/v2\/product_cat?post=35"},{"taxonomy":"product_tag","embeddable":true,"href":"https:\/\/zug-webshop.fishven.com\/en\/wp-json\/wp\/v2\/product_tag?post=35"}],"curies":[{"name":"wp","href":"https:\/\/api.w.org\/{rel}","templated":true}]}}