{"id":39,"date":"2023-03-07T15:09:14","date_gmt":"2023-03-07T14:09:14","guid":{"rendered":"https:\/\/zug-webshop.fishven.com\/?post_type=product&#038;p=39"},"modified":"2024-10-21T10:05:24","modified_gmt":"2024-10-21T08:05:24","slug":"aegerisee-2-tages","status":"publish","type":"product","link":"https:\/\/zug-webshop.fishven.com\/en\/product\/aegerisee-2-tages\/","title":{"rendered":"\u00c4gerisee Jugendpatent Jahr"},"content":{"rendered":"<p>F\u00fcr Jugendliche ab 8. bis 16. Geburtstag mit SANA-Ausweis; unabh\u00e4ngig vom Wohnsitz<\/p>","protected":false},"excerpt":{"rendered":"<p>F\u00fcr Jugendliche ab 8. bis 16. Geburtstag mit SANA-Ausweis; unabh\u00e4ngig vom Wohnsitz<\/p>","protected":false},"featured_media":683,"template":"","meta":[],"product_brand":[],"product_cat":[22,23],"product_tag":[33,17],"class_list":{"0":"post-39","1":"product","2":"type-product","3":"status-publish","4":"has-post-thumbnail","6":"product_cat-wohnsitz-ausserhalb-des-kantons-zug","7":"product_cat-wohnsitz-im-kanton-zug","8":"product_tag-aegerisee","9":"product_tag-fischereipatente","11":"first","12":"instock","13":"virtual","14":"sold-individually","15":"purchasable","16":"product-type-simple"},"jetpack_sharing_enabled":true,"_links":{"self":[{"href":"https:\/\/zug-webshop.fishven.com\/en\/wp-json\/wp\/v2\/product\/39"}],"collection":[{"href":"https:\/\/zug-webshop.fishven.com\/en\/wp-json\/wp\/v2\/product"}],"about":[{"href":"https:\/\/zug-webshop.fishven.com\/en\/wp-json\/wp\/v2\/types\/product"}],"wp:featuredmedia":[{"embeddable":true,"href":"https:\/\/zug-webshop.fishven.com\/en\/wp-json\/wp\/v2\/media\/683"}],"wp:attachment":[{"href":"https:\/\/zug-webshop.fishven.com\/en\/wp-json\/wp\/v2\/media?parent=39"}],"wp:term":[{"taxonomy":"product_brand","embeddable":true,"href":"https:\/\/zug-webshop.fishven.com\/en\/wp-json\/wp\/v2\/product_brand?post=39"},{"taxonomy":"product_cat","embeddable":true,"href":"https:\/\/zug-webshop.fishven.com\/en\/wp-json\/wp\/v2\/product_cat?post=39"},{"taxonomy":"product_tag","embeddable":true,"href":"https:\/\/zug-webshop.fishven.com\/en\/wp-json\/wp\/v2\/product_tag?post=39"}],"curies":[{"name":"wp","href":"https:\/\/api.w.org\/{rel}","templated":true}]}}