{"id":455,"date":"2023-05-30T16:08:40","date_gmt":"2023-05-30T14:08:40","guid":{"rendered":"https:\/\/zug-webshop.fishven.com\/?post_type=product&#038;p=455"},"modified":"2024-10-17T02:44:48","modified_gmt":"2024-10-17T00:44:48","slug":"zugersee-bootspatent-tages","status":"publish","type":"product","link":"https:\/\/zug-webshop.fishven.com\/en\/product\/zugersee-bootspatent-tages\/","title":{"rendered":"Lake Zug boat license day"},"content":{"rendered":"<p>Day license<br \/>\nFor fishers <strong>with residence in Canton Zug<\/strong><\/p>\n<p>Valid for one day.<\/p>\n<p>Allows fishing in the part of Lake Zug lying in the Canton of Zug only.<\/p>\n<p>Fishing allowed from boat and shore.<\/p>\n<p>SaNa is recommended<\/p>","protected":false},"excerpt":{"rendered":"<p>Tagespatent F\u00fcr FischerInnen mit Wohnsitz im Kanton Zug. F\u00fcr 1 Tag g\u00fcltig. Erlaubt das Fischen im zugerischen Teil des Zugersees. Fischen erlaubt vom Boot und vom Ufer aus. SANA-Ausweis empfohlen.<\/p>","protected":false},"featured_media":443,"template":"","meta":[],"product_brand":[],"product_cat":[28],"product_tag":[17,34],"class_list":{"0":"post-455","1":"product","2":"type-product","3":"status-publish","4":"has-post-thumbnail","6":"product_cat-bootspatente-wohnsitz-im-kanton-zug-fischereipatente-zugersee","7":"product_tag-fischereipatente","8":"product_tag-zugersee","10":"first","11":"instock","12":"virtual","13":"sold-individually","14":"purchasable","15":"product-type-simple"},"jetpack_sharing_enabled":true,"_links":{"self":[{"href":"https:\/\/zug-webshop.fishven.com\/en\/wp-json\/wp\/v2\/product\/455"}],"collection":[{"href":"https:\/\/zug-webshop.fishven.com\/en\/wp-json\/wp\/v2\/product"}],"about":[{"href":"https:\/\/zug-webshop.fishven.com\/en\/wp-json\/wp\/v2\/types\/product"}],"wp:featuredmedia":[{"embeddable":true,"href":"https:\/\/zug-webshop.fishven.com\/en\/wp-json\/wp\/v2\/media\/443"}],"wp:attachment":[{"href":"https:\/\/zug-webshop.fishven.com\/en\/wp-json\/wp\/v2\/media?parent=455"}],"wp:term":[{"taxonomy":"product_brand","embeddable":true,"href":"https:\/\/zug-webshop.fishven.com\/en\/wp-json\/wp\/v2\/product_brand?post=455"},{"taxonomy":"product_cat","embeddable":true,"href":"https:\/\/zug-webshop.fishven.com\/en\/wp-json\/wp\/v2\/product_cat?post=455"},{"taxonomy":"product_tag","embeddable":true,"href":"https:\/\/zug-webshop.fishven.com\/en\/wp-json\/wp\/v2\/product_tag?post=455"}],"curies":[{"name":"wp","href":"https:\/\/api.w.org\/{rel}","templated":true}]}}