{"id":456,"date":"2023-05-30T16:11:01","date_gmt":"2023-05-30T14:11:01","guid":{"rendered":"https:\/\/zug-webshop.fishven.com\/?post_type=product&#038;p=456"},"modified":"2026-04-02T01:04:54","modified_gmt":"2026-04-01T23:04:54","slug":"zugersee-bootspatent-2-wochen-extern","status":"publish","type":"product","link":"https:\/\/zug-webshop.fishven.com\/en\/product\/zugersee-bootspatent-2-wochen-extern\/","title":{"rendered":"Lake Zug boat license two week external"},"content":{"rendered":"<p>Two week license<br \/>\nFor fishers <strong>without residence in Canton Zug.<\/strong><\/p>\n<p>Valid for 14 days<\/p>\n<p>Allows fishing in the part of Lake Zug lying in the Canton of Zug only.<\/p>\n<p>Fishing allowed from boat and shore.<\/p>\n<p>SANA card obligatory.<\/p>","protected":false},"excerpt":{"rendered":"<p>2 Wochenpatent F\u00fcr FischerInnen ohne Wohnsitz im Kanton Zug. F\u00fcr 14 Tage g\u00fcltig. Erlaubt das Fischen im zugerischen Teil des Zugersees. Fischen erlaubt vom Boot und vom Ufer aus. SANA-Ausweis obligatorisch.<\/p>","protected":false},"featured_media":444,"template":"","meta":[],"product_brand":[],"product_cat":[20],"product_tag":[17,34],"class_list":{"0":"post-456","1":"product","2":"type-product","3":"status-publish","4":"has-post-thumbnail","6":"product_cat-bootspatente","7":"product_tag-fischereipatente","8":"product_tag-zugersee","10":"first","11":"instock","12":"sale","13":"virtual","14":"sold-individually","15":"purchasable","16":"product-type-simple"},"jetpack_sharing_enabled":true,"_links":{"self":[{"href":"https:\/\/zug-webshop.fishven.com\/en\/wp-json\/wp\/v2\/product\/456"}],"collection":[{"href":"https:\/\/zug-webshop.fishven.com\/en\/wp-json\/wp\/v2\/product"}],"about":[{"href":"https:\/\/zug-webshop.fishven.com\/en\/wp-json\/wp\/v2\/types\/product"}],"wp:featuredmedia":[{"embeddable":true,"href":"https:\/\/zug-webshop.fishven.com\/en\/wp-json\/wp\/v2\/media\/444"}],"wp:attachment":[{"href":"https:\/\/zug-webshop.fishven.com\/en\/wp-json\/wp\/v2\/media?parent=456"}],"wp:term":[{"taxonomy":"product_brand","embeddable":true,"href":"https:\/\/zug-webshop.fishven.com\/en\/wp-json\/wp\/v2\/product_brand?post=456"},{"taxonomy":"product_cat","embeddable":true,"href":"https:\/\/zug-webshop.fishven.com\/en\/wp-json\/wp\/v2\/product_cat?post=456"},{"taxonomy":"product_tag","embeddable":true,"href":"https:\/\/zug-webshop.fishven.com\/en\/wp-json\/wp\/v2\/product_tag?post=456"}],"curies":[{"name":"wp","href":"https:\/\/api.w.org\/{rel}","templated":true}]}}